{"id":1377,"date":"2022-03-24T13:29:50","date_gmt":"2022-03-24T19:29:50","guid":{"rendered":"http:\/\/www.stngroup.com.mx\/?page_id=1377"},"modified":"2022-03-24T17:51:49","modified_gmt":"2022-03-24T23:51:49","slug":"terminales-ferroviarias","status":"publish","type":"page","link":"http:\/\/www.stngroup.com.mx\/en\/terminales-ferroviarias\/","title":{"rendered":"RAILWAY TERMINALS"},"content":{"rendered":"<div data-elementor-type=\"wp-page\" data-elementor-id=\"1377\" class=\"elementor elementor-1377\">\n\t\t\t\t\t\t<div class=\"elementor-inner\">\n\t\t\t\t<div class=\"elementor-section-wrap\">\n\t\t\t\t\t\t\t\t\t<section class=\"elementor-section elementor-top-section elementor-element elementor-element-446b2d8 elementor-section-full_width elementor-section-height-default elementor-section-height-default\" data-id=\"446b2d8\" data-element_type=\"section\">\n\t\t\t\t\t\t<div class=\"elementor-container elementor-column-gap-default\">\n\t\t\t\t\t\t\t<div class=\"elementor-row\">\n\t\t\t\t\t<div class=\"elementor-column elementor-col-100 elementor-top-column elementor-element elementor-element-f9007a6\" data-id=\"f9007a6\" data-element_type=\"column\">\n\t\t\t<div class=\"elementor-column-wrap elementor-element-populated\">\n\t\t\t\t\t\t\t<div class=\"elementor-widget-wrap\">\n\t\t\t\t\t\t<div class=\"elementor-element elementor-element-e9c6d37 elementor-widget elementor-widget-text-editor\" data-id=\"e9c6d37\" data-element_type=\"widget\" data-widget_type=\"text-editor.default\">\n\t\t\t\t<div class=\"elementor-widget-container\">\n\t\t\t\t\t\t\t\t<div class=\"elementor-text-editor elementor-clearfix\">\n\t\t\t\t<h3>To show our commitement with the industries\u2019 growth, we added more than 400 cartanks to our yard, and started sinegires with important train terminals in the following states:<\/h3><ul><li><h3>Nuevo Le\u00f3n<\/h3><\/li><li><h3>Coahuila<\/h3><\/li><li><h3>Tamaulipas<\/h3><\/li><li><h3>Aguascalientes<\/h3><\/li><li><h3>Jalisco<\/h3><\/li><li><h3>Sonora<\/h3><\/li><\/ul>\t\t\t\t\t<\/div>\n\t\t\t\t\t\t<\/div>\n\t\t\t\t<\/div>\n\t\t\t\t\t\t<\/div>\n\t\t\t\t\t<\/div>\n\t\t<\/div>\n\t\t\t\t\t\t\t\t<\/div>\n\t\t\t\t\t<\/div>\n\t\t<\/section>\n\t\t\t\t\t\t\t\t\t<\/div>\n\t\t\t<\/div>\n\t\t\t\t\t<\/div>","protected":false},"excerpt":{"rendered":"<p>Comprometidos con la expansi\u00f3n de los petrol\u00edferos, agregamos a nuestro patio m\u00e1s de 400 carrotanques propios y comenzamos sinerg\u00edas importantes con distintas terminales ferroviarias, llegando a los estados de: Nuevo Le\u00f3n Coahuila Tamaulipas Aguascalientes Jalisco Sonora<\/p>","protected":false},"author":1,"featured_media":0,"parent":0,"menu_order":0,"comment_status":"closed","ping_status":"closed","template":"","meta":{"_coblocks_attr":"","_coblocks_dimensions":"","_coblocks_responsive_height":"","_coblocks_accordion_ie_support":""},"_links":{"self":[{"href":"http:\/\/www.stngroup.com.mx\/en\/wp-json\/wp\/v2\/pages\/1377"}],"collection":[{"href":"http:\/\/www.stngroup.com.mx\/en\/wp-json\/wp\/v2\/pages"}],"about":[{"href":"http:\/\/www.stngroup.com.mx\/en\/wp-json\/wp\/v2\/types\/page"}],"author":[{"embeddable":true,"href":"http:\/\/www.stngroup.com.mx\/en\/wp-json\/wp\/v2\/users\/1"}],"replies":[{"embeddable":true,"href":"http:\/\/www.stngroup.com.mx\/en\/wp-json\/wp\/v2\/comments?post=1377"}],"version-history":[{"count":10,"href":"http:\/\/www.stngroup.com.mx\/en\/wp-json\/wp\/v2\/pages\/1377\/revisions"}],"predecessor-version":[{"id":1430,"href":"http:\/\/www.stngroup.com.mx\/en\/wp-json\/wp\/v2\/pages\/1377\/revisions\/1430"}],"wp:attachment":[{"href":"http:\/\/www.stngroup.com.mx\/en\/wp-json\/wp\/v2\/media?parent=1377"}],"curies":[{"name":"wp","href":"https:\/\/api.w.org\/{rel}","templated":true}]}}